{"id":687,"date":"2023-11-02T14:20:46","date_gmt":"2023-11-02T14:20:46","guid":{"rendered":"https:\/\/sp-dent.ee\/?page_id=687"},"modified":"2023-11-05T09:51:07","modified_gmt":"2023-11-05T09:51:07","slug":"prices","status":"publish","type":"page","link":"https:\/\/sp-dent.ee\/ru\/prices\/","title":{"rendered":""},"content":{"rendered":"<div data-elementor-type=\"wp-page\" data-elementor-id=\"687\" class=\"elementor elementor-687\">\n\t\t\t\t<div class=\"elementor-element elementor-element-c030228 e-flex e-con-boxed e-con e-parent\" data-id=\"c030228\" data-element_type=\"container\" data-e-type=\"container\" data-settings=\"{&quot;jet_parallax_layout_list&quot;:[]}\">\n\t\t\t\t\t<div class=\"e-con-inner\">\n\t\t\t\t<div class=\"elementor-element elementor-element-7d01b26 elementor-widget elementor-widget-heading\" data-id=\"7d01b26\" data-element_type=\"widget\" data-e-type=\"widget\" data-widget_type=\"heading.default\">\n\t\t\t\t<div class=\"elementor-widget-container\">\n\t\t\t\t\t<h2 class=\"elementor-heading-title elementor-size-default\">\u041f\u0440\u0435\u0439\u0441\u043a\u0443\u0440\u0430\u043d\u0442<\/h2>\t\t\t\t<\/div>\n\t\t\t\t<\/div>\n\t\t\t\t\t<\/div>\n\t\t\t\t<\/div>\n\t\t<div class=\"elementor-element elementor-element-cf47d44 e-flex e-con-boxed e-con e-parent\" data-id=\"cf47d44\" data-element_type=\"container\" data-e-type=\"container\" data-settings=\"{&quot;jet_parallax_layout_list&quot;:[]}\">\n\t\t\t\t\t<div class=\"e-con-inner\">\n\t\t<div class=\"elementor-element elementor-element-8a3057f e-flex e-con-boxed e-con e-child\" data-id=\"8a3057f\" data-element_type=\"container\" data-e-type=\"container\" data-settings=\"{&quot;jet_parallax_layout_list&quot;:[]}\">\n\t\t\t\t\t<div class=\"e-con-inner\">\n\t\t<div class=\"elementor-element elementor-element-3c6e141 e-con-full e-flex e-con e-child\" data-id=\"3c6e141\" data-element_type=\"container\" data-e-type=\"container\" data-settings=\"{&quot;background_background&quot;:&quot;classic&quot;,&quot;jet_parallax_layout_list&quot;:[]}\">\n\t\t\t\t<div class=\"elementor-element elementor-element-2c1ac93 elementor-widget elementor-widget-text-editor\" data-id=\"2c1ac93\" data-element_type=\"widget\" data-e-type=\"widget\" data-widget_type=\"text-editor.default\">\n\t\t\t\t<div class=\"elementor-widget-container\">\n\t\t\t\t\t\t\t\t\t<div data-id=\"9f19890\" data-element_type=\"widget\" data-widget_type=\"heading.default\"><p>\u0422\u0435\u0440\u0430\u043f\u0435\u0432\u0442\u0438\u0447\u0435\u0441\u043a\u0430\u044f \u0441\u0442\u043e\u043c\u0430\u0442\u043e\u043b\u043e\u0433\u0438\u044f<\/p><\/div>\t\t\t\t\t\t\t\t<\/div>\n\t\t\t\t<\/div>\n\t\t\t\t<div class=\"elementor-element elementor-element-8fe1441 elementor-widget-mobile__width-initial elementor-widget elementor-widget-jet-price-list\" data-id=\"8fe1441\" data-element_type=\"widget\" data-e-type=\"widget\" data-widget_type=\"jet-price-list.default\">\n\t\t\t\t<div class=\"elementor-widget-container\">\n\t\t\t\t\t<div class=\"elementor-jet-price-list jet-elements\">\n<ul class=\"jet-price-list\"><li class=\"price-list__item\"><div class=\"price-list__item-inner\"><div class=\"price-list__item-content\"><div class=\"price-list__item-title__wrapper\"><h5 class=\"price-list__item-title\">\u041a\u043e\u043d\u0441\u0443\u043b\u044c\u0442\u0430\u0446\u0438\u044f<\/h5><div class=\"price-list__item-separator\"><\/div><div class=\"price-list__item-price\">30\u20ac<\/div><\/div><\/div><\/div><\/li><li class=\"price-list__item\"><div class=\"price-list__item-inner\"><div class=\"price-list__item-content\"><div class=\"price-list__item-title__wrapper\"><h5 class=\"price-list__item-title\">\u041f\u043b\u0430\u0442\u0430 \u0437\u0430 \u0432\u0438\u0437\u0438\u0442<\/h5><div class=\"price-list__item-separator\"><\/div><div class=\"price-list__item-price\">15\u20ac<\/div><\/div><\/div><\/div><\/li><li class=\"price-list__item\"><div class=\"price-list__item-inner\"><div class=\"price-list__item-content\"><div class=\"price-list__item-title__wrapper\"><h5 class=\"price-list__item-title\">\u0423\u0441\u0442\u0430\u043d\u043e\u0432\u043a\u0430 \u043a\u043e\u0444\u0444\u0435\u0440\u0434\u0430\u043c\u0430<\/h5><div class=\"price-list__item-separator\"><\/div><div class=\"price-list__item-price\">15\u20ac<\/div><\/div><\/div><\/div><\/li><li class=\"price-list__item\"><div class=\"price-list__item-inner\"><div class=\"price-list__item-content\"><div class=\"price-list__item-title__wrapper\"><h5 class=\"price-list__item-title\">\u0418\u043d\u044a\u0435\u043a\u0446\u0438\u043e\u043d\u043d\u0430\u044f \u0430\u043d\u0435\u0441\u0442\u0435\u0437\u0438\u044f<\/h5><div class=\"price-list__item-separator\"><\/div><div class=\"price-list__item-price\">15\u20ac<\/div><\/div><\/div><\/div><\/li><li class=\"price-list__item\"><div class=\"price-list__item-inner\"><div class=\"price-list__item-content\"><div class=\"price-list__item-title__wrapper\"><h5 class=\"price-list__item-title\">\u0412\u0440\u0435\u043c\u0435\u043d\u043d\u0430\u044f \u043f\u043b\u043e\u043c\u0431\u0430<\/h5><div class=\"price-list__item-separator\"><\/div><div class=\"price-list__item-price\">\u043e\u0442 7\u20ac<\/div><\/div><\/div><\/div><\/li><li class=\"price-list__item\"><div class=\"price-list__item-inner\"><div class=\"price-list__item-content\"><div class=\"price-list__item-title__wrapper\"><h5 class=\"price-list__item-title\">\u042d\u0441\u0442\u0435\u0442\u0438\u0447\u0435\u0441\u043a\u0430\u044f \u0440\u0435\u0441\u0442\u0430\u0432\u0440\u0430\u0446\u0438\u044f \u0437\u0443\u0431\u043e\u0432<\/h5><div class=\"price-list__item-separator\"><\/div><div class=\"price-list__item-price\">130\u20ac - 210\u20ac<\/div><\/div><\/div><\/div><\/li><li class=\"price-list__item\"><div class=\"price-list__item-inner\"><div class=\"price-list__item-content\"><div class=\"price-list__item-title__wrapper\"><h5 class=\"price-list__item-title\">\u0421\u0442\u0435\u043a\u043b\u043e\u0438\u043e\u043d\u043e\u043c\u0435\u0440\u043d\u0430\u044f \u043f\u043b\u043e\u043c\u0431\u0430<\/h5><div class=\"price-list__item-separator\"><\/div><div class=\"price-list__item-price\">\u043e\u0442 70\u20ac<\/div><\/div><\/div><\/div><\/li><li class=\"price-list__item\"><div class=\"price-list__item-inner\"><div class=\"price-list__item-content\"><div class=\"price-list__item-title__wrapper\"><h5 class=\"price-list__item-title\">\u0421\u0442\u0435\u043a\u043b\u043e\u0432\u043e\u043b\u043e\u043a\u043e\u043d\u043d\u044b\u0439 \u0448\u0442\u0438\u0444\u0442 \u0441 \u0432\u043e\u0441\u0441\u0442\u0430\u043d\u043e\u0432\u043b\u0435\u043d\u0438\u0435\u043c \u0437\u0443\u0431\u0430 <\/h5><div class=\"price-list__item-separator\"><\/div><div class=\"price-list__item-price\">\u043e\u0442 210\u20ac<\/div><\/div><\/div><\/div><\/li><li class=\"price-list__item\"><div class=\"price-list__item-inner\"><div class=\"price-list__item-content\"><div class=\"price-list__item-title__wrapper\"><h5 class=\"price-list__item-title\">\u041e\u0431\u0440\u0430\u0431\u043e\u0442\u043a\u0430 \u0438 \u0440\u0430\u0441\u0448\u0438\u0440\u0435\u043d\u0438\u0435 \u043e\u0434\u043d\u043e\u0433\u043e \u043a\u043e\u0440\u043d\u0435\u0432\u043e\u0433\u043e \u043a\u0430\u043d\u0430\u043b\u0430<\/h5><div class=\"price-list__item-separator\"><\/div><div class=\"price-list__item-price\">\u043e\u0442 75\u20ac<\/div><\/div><\/div><\/div><\/li><li class=\"price-list__item\"><div class=\"price-list__item-inner\"><div class=\"price-list__item-content\"><div class=\"price-list__item-title__wrapper\"><h5 class=\"price-list__item-title\">\u0417\u0430\u043f\u043e\u043b\u043d\u0435\u043d\u0438\u0435 \u043e\u0434\u043d\u043e\u0433\u043e \u043a\u0430\u043d\u0430\u043b\u0430<\/h5><div class=\"price-list__item-separator\"><\/div><div class=\"price-list__item-price\">\u043e\u0442 75\u20ac<\/div><\/div><\/div><\/div><\/li><li class=\"price-list__item\"><div class=\"price-list__item-inner\"><div class=\"price-list__item-content\"><div class=\"price-list__item-title__wrapper\"><h5 class=\"price-list__item-title\">\u0417\u0430\u043c\u0435\u043d\u0430 \u043b\u0435\u043a\u0430\u0440\u0441\u0442\u0432\u0430 \u0438 \u0432\u0440\u0435\u043c\u0435\u043d\u043d\u0430\u044f \u043f\u043b\u043e\u043c\u0431\u0430<\/h5><div class=\"price-list__item-separator\"><\/div><div class=\"price-list__item-price\">\u043e\u0442 50\u20ac<\/div><\/div><\/div><\/div><\/li><li class=\"price-list__item\"><div class=\"price-list__item-inner\"><div class=\"price-list__item-content\"><div class=\"price-list__item-title__wrapper\"><h5 class=\"price-list__item-title\">3D-\u0441\u043d\u0438\u043c\u043e\u043a (\u0432\u0435\u0440\u0445\u043d\u044f\u044f \u0438 \u043d\u0438\u0436\u043d\u044f\u044f \u0447\u0435\u043b\u044e\u0441\u0442\u044c)<\/h5><div class=\"price-list__item-separator\"><\/div><div class=\"price-list__item-price\">70\u20ac<\/div><\/div><\/div><\/div><\/li><\/ul><\/div>\t\t\t\t<\/div>\n\t\t\t\t<\/div>\n\t\t\t\t<\/div>\n\t\t<div class=\"elementor-element elementor-element-5ddc5cb e-con-full e-flex e-con e-child\" data-id=\"5ddc5cb\" data-element_type=\"container\" data-e-type=\"container\" data-settings=\"{&quot;background_background&quot;:&quot;classic&quot;,&quot;jet_parallax_layout_list&quot;:[]}\">\n\t\t<div class=\"elementor-element elementor-element-b353d26 e-flex e-con-boxed e-con e-child\" data-id=\"b353d26\" data-element_type=\"container\" data-e-type=\"container\" data-settings=\"{&quot;background_background&quot;:&quot;classic&quot;,&quot;jet_parallax_layout_list&quot;:[]}\">\n\t\t\t\t\t<div class=\"e-con-inner\">\n\t\t\t\t<div class=\"elementor-element elementor-element-400f67b elementor-widget elementor-widget-text-editor\" data-id=\"400f67b\" data-element_type=\"widget\" data-e-type=\"widget\" data-widget_type=\"text-editor.default\">\n\t\t\t\t<div class=\"elementor-widget-container\">\n\t\t\t\t\t\t\t\t\t<div data-id=\"9f19890\" data-element_type=\"widget\" data-widget_type=\"heading.default\"><p>\u0413\u0438\u0433\u0438\u0435\u043d\u0430 \u0438 \u043f\u0440\u043e\u0444\u0438\u043b\u0430\u043a\u0442\u0438\u043a\u0430<\/p><\/div>\t\t\t\t\t\t\t\t<\/div>\n\t\t\t\t<\/div>\n\t\t\t\t<div class=\"elementor-element elementor-element-515af12 elementor-widget-mobile__width-initial elementor-widget elementor-widget-jet-price-list\" data-id=\"515af12\" data-element_type=\"widget\" data-e-type=\"widget\" data-widget_type=\"jet-price-list.default\">\n\t\t\t\t<div class=\"elementor-widget-container\">\n\t\t\t\t\t<div class=\"elementor-jet-price-list jet-elements\">\n<ul class=\"jet-price-list\"><li class=\"price-list__item\"><div class=\"price-list__item-inner\"><div class=\"price-list__item-content\"><div class=\"price-list__item-title__wrapper\"><h5 class=\"price-list__item-title\">\u0413\u0438\u0433\u0438\u0435\u043d\u0430 \u0438 \u043f\u0440\u043e\u0444\u0438\u043b\u0430\u043a\u0442\u0438\u043a\u0430<\/h5><div class=\"price-list__item-separator\"><\/div><div class=\"price-list__item-price\">145\u20ac<\/div><\/div><\/div><\/div><\/li><\/ul><\/div>\t\t\t\t<\/div>\n\t\t\t\t<\/div>\n\t\t\t\t\t<\/div>\n\t\t\t\t<\/div>\n\t\t<div class=\"elementor-element elementor-element-004d2fa e-flex e-con-boxed e-con e-child\" data-id=\"004d2fa\" data-element_type=\"container\" data-e-type=\"container\" data-settings=\"{&quot;background_background&quot;:&quot;classic&quot;,&quot;jet_parallax_layout_list&quot;:[]}\">\n\t\t\t\t\t<div class=\"e-con-inner\">\n\t\t\t\t<div class=\"elementor-element elementor-element-0f95a15 elementor-widget elementor-widget-text-editor\" data-id=\"0f95a15\" data-element_type=\"widget\" data-e-type=\"widget\" data-widget_type=\"text-editor.default\">\n\t\t\t\t<div class=\"elementor-widget-container\">\n\t\t\t\t\t\t\t\t\t<div data-id=\"9f19890\" data-element_type=\"widget\" data-widget_type=\"heading.default\"><p>\u041f\u0440\u043e\u0442\u0435\u0437\u0438\u0440\u043e\u0432\u0430\u043d\u0438\u0435 \u0437\u0443\u0431\u043e\u0432<\/p><\/div>\t\t\t\t\t\t\t\t<\/div>\n\t\t\t\t<\/div>\n\t\t\t\t<div class=\"elementor-element elementor-element-03b9508 elementor-widget-mobile__width-initial elementor-widget elementor-widget-jet-price-list\" data-id=\"03b9508\" data-element_type=\"widget\" data-e-type=\"widget\" data-widget_type=\"jet-price-list.default\">\n\t\t\t\t<div class=\"elementor-widget-container\">\n\t\t\t\t\t<div class=\"elementor-jet-price-list jet-elements\">\n<ul class=\"jet-price-list\"><li class=\"price-list__item\"><div class=\"price-list__item-inner\"><div class=\"price-list__item-content\"><div class=\"price-list__item-title__wrapper\"><h5 class=\"price-list__item-title\">\u041a\u043e\u0440\u043e\u043d\u043a\u0430 (\u0431\u0435\u0437\u043c\u0435\u0442\u0430\u043b\u043b\u043e\u0432\u0430\u044f \u043a\u0435\u0440\u0430\u043c\u0438\u043a\u0430)<\/h5><div class=\"price-list__item-separator\"><\/div><div class=\"price-list__item-price\">500\u20ac<\/div><\/div><\/div><\/div><\/li><li class=\"price-list__item\"><div class=\"price-list__item-inner\"><div class=\"price-list__item-content\"><div class=\"price-list__item-title__wrapper\"><h5 class=\"price-list__item-title\">\u0412\u0440\u0435\u043c\u0435\u043d\u043d\u0430\u044f \u043b\u0430\u0431\u043e\u0440\u0430\u0442\u043e\u0440\u043d\u0430\u044f \u043a\u043e\u0440\u043e\u043d\u043a\u0430<\/h5><div class=\"price-list__item-separator\"><\/div><div class=\"price-list__item-price\">70\u20ac<\/div><\/div><\/div><\/div><\/li><\/ul><\/div>\t\t\t\t<\/div>\n\t\t\t\t<\/div>\n\t\t\t\t\t<\/div>\n\t\t\t\t<\/div>\n\t\t<div class=\"elementor-element elementor-element-23c2e85 e-flex e-con-boxed e-con e-child\" data-id=\"23c2e85\" data-element_type=\"container\" data-e-type=\"container\" data-settings=\"{&quot;jet_parallax_layout_list&quot;:[]}\">\n\t\t\t\t\t<div class=\"e-con-inner\">\n\t\t\t\t<div class=\"elementor-element elementor-element-43c1b4a elementor-widget elementor-widget-text-editor\" data-id=\"43c1b4a\" data-element_type=\"widget\" data-e-type=\"widget\" data-widget_type=\"text-editor.default\">\n\t\t\t\t<div class=\"elementor-widget-container\">\n\t\t\t\t\t\t\t\t\t<div data-id=\"9f19890\" data-element_type=\"widget\" data-widget_type=\"heading.default\"><p>\u0425\u0438\u0440\u0443\u0440\u0433\u0438\u044f<\/p><\/div>\t\t\t\t\t\t\t\t<\/div>\n\t\t\t\t<\/div>\n\t\t\t\t<div class=\"elementor-element elementor-element-3f68f07 elementor-widget-mobile__width-initial elementor-widget elementor-widget-jet-price-list\" data-id=\"3f68f07\" data-element_type=\"widget\" data-e-type=\"widget\" data-widget_type=\"jet-price-list.default\">\n\t\t\t\t<div class=\"elementor-widget-container\">\n\t\t\t\t\t<div class=\"elementor-jet-price-list jet-elements\">\n<ul class=\"jet-price-list\"><li class=\"price-list__item\"><div class=\"price-list__item-inner\"><div class=\"price-list__item-content\"><div class=\"price-list__item-title__wrapper\"><h5 class=\"price-list__item-title\">\u0423\u0434\u0430\u043b\u0435\u043d\u0438\u0435 \u0437\u0443\u0431\u0430<\/h5><div class=\"price-list__item-separator\"><\/div><div class=\"price-list__item-price\">\u043e\u0442 70\u20ac<\/div><\/div><\/div><\/div><\/li><li class=\"price-list__item\"><div class=\"price-list__item-inner\"><div class=\"price-list__item-content\"><div class=\"price-list__item-title__wrapper\"><h5 class=\"price-list__item-title\">\u0423\u0434\u0430\u043b\u0435\u043d\u0438\u0435 \u0437\u0443\u0431\u0430 \u043c\u0443\u0434\u0440\u043e\u0441\u0442\u0438<\/h5><div class=\"price-list__item-separator\"><\/div><div class=\"price-list__item-price\">\u043e\u0442 130\u20ac<\/div><\/div><\/div><\/div><\/li><\/ul><\/div>\t\t\t\t<\/div>\n\t\t\t\t<\/div>\n\t\t\t\t\t<\/div>\n\t\t\t\t<\/div>\n\t\t\t\t<\/div>\n\t\t\t\t\t<\/div>\n\t\t\t\t<\/div>\n\t\t\t\t\t<\/div>\n\t\t\t\t<\/div>\n\t\t<div class=\"elementor-element elementor-element-f6804bd e-flex e-con-boxed e-con e-parent\" data-id=\"f6804bd\" data-element_type=\"container\" data-e-type=\"container\" data-settings=\"{&quot;jet_parallax_layout_list&quot;:[]}\">\n\t\t\t\t\t<div class=\"e-con-inner\">\n\t\t\t\t<div class=\"elementor-element elementor-element-b19e9d4 elementor-widget-mobile__width-auto elementor-widget elementor-widget-text-editor\" data-id=\"b19e9d4\" data-element_type=\"widget\" data-e-type=\"widget\" data-widget_type=\"text-editor.default\">\n\t\t\t\t<div class=\"elementor-widget-container\">\n\t\t\t\t\t\t\t\t\t<p>NB! \u041e\u043a\u043e\u043d\u0447\u0430\u0442\u0435\u043b\u044c\u043d\u0430\u044f \u0446\u0435\u043d\u0430 \u043b\u0435\u0447\u0435\u043d\u0438\u044f \u0437\u0430\u0432\u0438\u0441\u0438\u0442 \u043e\u0442 \u0441\u043e\u0441\u0442\u043e\u044f\u043d\u0438\u044f \u0437\u0443\u0431\u0430, \u0438\u0441\u043f\u043e\u043b\u044c\u0437\u0443\u0435\u043c\u044b\u0445 \u0434\u043e\u043f\u043e\u043b\u043d\u0438\u0442\u0435\u043b\u044c\u043d\u044b\u0445 \u0441\u0440\u0435\u0434\u0441\u0442\u0432 \u0438 \u043c\u0430\u0442\u0435\u0440\u0438\u0430\u043b\u043e\u0432.<\/p>\t\t\t\t\t\t\t\t<\/div>\n\t\t\t\t<\/div>\n\t\t\t\t\t<\/div>\n\t\t\t\t<\/div>\n\t\t\t\t<\/div>","protected":false},"excerpt":{"rendered":"<p>Hinnakiri Hambaravi Konsultatsioon 30\u20ac Visiiditasu 15\u20ac Kofferdami asetamine 15\u20ac S\u00fcstitav tuimastus 15\u20ac Ajutine plomm al. 7\u20ac Hammaste esteetiline restauratsioon 130\u20ac &#8211; 210\u20ac Klaasionomeerplomm al. 70\u20ac Klaaskiust tihvt koos hamba taastamisega al. 210\u20ac \u00dche juurekanali t\u00f6\u00f6tlemine ja laiendamine al. 75\u20ac \u00dche juurekanali t\u00e4itmine al. 75\u20ac Ravimi ja ajutise plommi vahetus al. 50\u20ac 3D-\u00fclesv\u00f5te (alumine ja \u00fclemine [&hellip;]<\/p>\n","protected":false},"author":1,"featured_media":0,"parent":0,"menu_order":0,"comment_status":"closed","ping_status":"closed","template":"","meta":{"footnotes":""},"class_list":["post-687","page","type-page","status-publish","hentry"],"_links":{"self":[{"href":"https:\/\/sp-dent.ee\/ru\/wp-json\/wp\/v2\/pages\/687","targetHints":{"allow":["GET"]}}],"collection":[{"href":"https:\/\/sp-dent.ee\/ru\/wp-json\/wp\/v2\/pages"}],"about":[{"href":"https:\/\/sp-dent.ee\/ru\/wp-json\/wp\/v2\/types\/page"}],"author":[{"embeddable":true,"href":"https:\/\/sp-dent.ee\/ru\/wp-json\/wp\/v2\/users\/1"}],"replies":[{"embeddable":true,"href":"https:\/\/sp-dent.ee\/ru\/wp-json\/wp\/v2\/comments?post=687"}],"version-history":[{"count":60,"href":"https:\/\/sp-dent.ee\/ru\/wp-json\/wp\/v2\/pages\/687\/revisions"}],"predecessor-version":[{"id":1129,"href":"https:\/\/sp-dent.ee\/ru\/wp-json\/wp\/v2\/pages\/687\/revisions\/1129"}],"wp:attachment":[{"href":"https:\/\/sp-dent.ee\/ru\/wp-json\/wp\/v2\/media?parent=687"}],"curies":[{"name":"wp","href":"https:\/\/api.w.org\/{rel}","templated":true}]}}