{"id":8,"date":"2019-03-28T13:58:59","date_gmt":"2019-03-28T13:58:59","guid":{"rendered":"https:\/\/ld-wp73.template-help.com\/wordpress\/prod_23278\/v2\/?page_id=8"},"modified":"2023-11-08T19:44:29","modified_gmt":"2023-11-08T19:44:29","slug":"home","status":"publish","type":"page","link":"https:\/\/sp-dent.ee\/ru\/","title":{"rendered":"\u0413\u043b\u0430\u0432\u043d\u0430\u044f"},"content":{"rendered":"<div data-elementor-type=\"wp-post\" data-elementor-id=\"8\" class=\"elementor elementor-8\">\n\t\t\t\t<div class=\"elementor-element elementor-element-a0c04ae e-con-full e-flex e-con e-parent\" data-id=\"a0c04ae\" data-element_type=\"container\" data-e-type=\"container\" data-settings=\"{&quot;background_background&quot;:&quot;classic&quot;,&quot;jet_parallax_layout_list&quot;:[]}\">\n\t\t\t\t<div class=\"elementor-element elementor-element-3f9a155 elementor-align-left elementor-invisible elementor-widget elementor-widget-button\" data-id=\"3f9a155\" data-element_type=\"widget\" data-e-type=\"widget\" data-settings=\"{&quot;_animation&quot;:&quot;fadeInLeft&quot;,&quot;_animation_tablet&quot;:&quot;fadeInLeft&quot;,&quot;_animation_mobile&quot;:&quot;fadeInLeft&quot;}\" data-widget_type=\"button.default\">\n\t\t\t\t<div class=\"elementor-widget-container\">\n\t\t\t\t\t\t\t\t\t<div class=\"elementor-button-wrapper\">\n\t\t\t\t\t<a class=\"elementor-button elementor-button-link elementor-size-md\" href=\"https:\/\/sp-dent.ee\/ru\/contact\/\">\n\t\t\t\t\t\t<span class=\"elementor-button-content-wrapper\">\n\t\t\t\t\t\t\t\t\t<span class=\"elementor-button-text\">\u0417\u0430\u0431\u0440\u043e\u043d\u0438\u0440\u0443\u0439\u0442\u0435 \u0432\u0440\u0435\u043c\u044f \u043d\u0430 \u043a\u043e\u043d\u0441\u0443\u043b\u044c\u0442\u0430\u0446\u0438\u044e<\/span>\n\t\t\t\t\t<\/span>\n\t\t\t\t\t<\/a>\n\t\t\t\t<\/div>\n\t\t\t\t\t\t\t\t<\/div>\n\t\t\t\t<\/div>\n\t\t\t\t<div class=\"elementor-element elementor-element-446aee9 elementor-widget__width-initial elementor-widget-mobile__width-initial elementor-invisible elementor-widget elementor-widget-text-editor\" data-id=\"446aee9\" data-element_type=\"widget\" data-e-type=\"widget\" data-settings=\"{&quot;_animation&quot;:&quot;fadeInLeft&quot;}\" data-widget_type=\"text-editor.default\">\n\t\t\t\t<div class=\"elementor-widget-container\">\n\t\t\t\t\t\t\t\t\t<p>\u041c\u044b \u0432\u0435\u0440\u0438\u043c, \u0447\u0442\u043e \u0432\u0430\u0448 \u0437\u0443\u0431\u00a0<span style=\"letter-spacing: 0px;\">\u0441\u0442\u043e\u0438\u0442 \u0441\u043e\u0445\u0440\u0430\u043d\u0438\u0442\u044c!<\/span><\/p>\t\t\t\t\t\t\t\t<\/div>\n\t\t\t\t<\/div>\n\t\t\t\t<\/div>\n\t\t<div class=\"elementor-element elementor-element-002958d e-flex e-con-boxed e-con e-parent\" data-id=\"002958d\" data-element_type=\"container\" data-e-type=\"container\" data-settings=\"{&quot;jet_parallax_layout_list&quot;:[]}\">\n\t\t\t\t\t<div class=\"e-con-inner\">\n\t\t<div class=\"elementor-element elementor-element-2f25b43 e-con-full e-flex e-con e-child\" data-id=\"2f25b43\" data-element_type=\"container\" data-e-type=\"container\" data-settings=\"{&quot;jet_parallax_layout_list&quot;:[]}\">\n\t\t\t\t<div class=\"elementor-element elementor-element-8da7aab elementor-hidden-tablet elementor-hidden-mobile elementor-widget elementor-widget-image\" data-id=\"8da7aab\" data-element_type=\"widget\" data-e-type=\"widget\" data-widget_type=\"image.default\">\n\t\t\t\t<div class=\"elementor-widget-container\">\n\t\t\t\t\t\t\t\t\t\t\t\t\t\t\t<img fetchpriority=\"high\" decoding=\"async\" width=\"1462\" height=\"1536\" src=\"https:\/\/sp-dent.ee\/wp-content\/uploads\/2023\/11\/shutterstock_1097570171-1462x1536.jpg\" class=\"attachment-1536x1536 size-1536x1536 wp-image-1161\" alt=\"\" srcset=\"https:\/\/sp-dent.ee\/wp-content\/uploads\/2023\/11\/shutterstock_1097570171-1462x1536.jpg 1462w, https:\/\/sp-dent.ee\/wp-content\/uploads\/2023\/11\/shutterstock_1097570171-286x300.jpg 286w, https:\/\/sp-dent.ee\/wp-content\/uploads\/2023\/11\/shutterstock_1097570171-975x1024.jpg 975w, https:\/\/sp-dent.ee\/wp-content\/uploads\/2023\/11\/shutterstock_1097570171-768x807.jpg 768w, https:\/\/sp-dent.ee\/wp-content\/uploads\/2023\/11\/shutterstock_1097570171-1950x2048.jpg 1950w, https:\/\/sp-dent.ee\/wp-content\/uploads\/2023\/11\/shutterstock_1097570171-11x12.jpg 11w, https:\/\/sp-dent.ee\/wp-content\/uploads\/2023\/11\/shutterstock_1097570171-600x630.jpg 600w\" sizes=\"(max-width: 1462px) 100vw, 1462px\" \/>\t\t\t\t\t\t\t\t\t\t\t\t\t\t\t<\/div>\n\t\t\t\t<\/div>\n\t\t\t\t<\/div>\n\t\t<div class=\"elementor-element elementor-element-3747e20 e-con-full e-flex e-con e-child\" data-id=\"3747e20\" data-element_type=\"container\" data-e-type=\"container\" data-settings=\"{&quot;jet_parallax_layout_list&quot;:[]}\">\n\t\t\t\t<div class=\"elementor-element elementor-element-11275d9 elementor-widget__width-initial elementor-widget-mobile__width-initial elementor-widget elementor-widget-heading\" data-id=\"11275d9\" data-element_type=\"widget\" data-e-type=\"widget\" data-widget_type=\"heading.default\">\n\t\t\t\t<div class=\"elementor-widget-container\">\n\t\t\t\t\t<h2 class=\"elementor-heading-title elementor-size-default\">\u041d\u0435 \u0441\u043f\u0435\u0448\u0438\u0442\u0435 \u0443\u0434\u0430\u043b\u044f\u0442\u044c \u0437\u0443\u0431!<\/h2>\t\t\t\t<\/div>\n\t\t\t\t<\/div>\n\t\t\t\t<div class=\"elementor-element elementor-element-55effa7 elementor-widget__width-inherit elementor-widget-mobile__width-inherit elementor-widget elementor-widget-text-editor\" data-id=\"55effa7\" data-element_type=\"widget\" data-e-type=\"widget\" data-widget_type=\"text-editor.default\">\n\t\t\t\t<div class=\"elementor-widget-container\">\n\t\t\t\t\t\t\t\t\t<p><span style=\"text-align: var(--text-align); letter-spacing: 0px;\">\u0415\u0441\u043b\u0438 \u0432\u0430\u043c \u0441\u043a\u0430\u0437\u0430\u043b\u0438, \u0447\u0442\u043e \u0432\u0430\u0448 \u0437\u0443\u0431 \u0443\u0436\u0435 \u043d\u0435 \u0441\u043f\u0430\u0441\u0442\u0438, \u043d\u0435 \u043f\u0440\u0438\u043d\u0438\u043c\u0430\u0439\u0442\u0435 \u043f\u043e\u0441\u043f\u0435\u0448\u043d\u044b\u0445 \u0440\u0435\u0448\u0435\u043d\u0438\u0439. \u041f\u0440\u0438\u0445\u043e\u0434\u0438\u0442\u0435 \u043d\u0430 \u043a\u043e\u043d\u0441\u0443\u043b\u044c\u0442\u0430\u0446\u0438\u044e \u043a \u0434\u043e\u043a\u0442\u043e\u0440\u0443 \u041f\u043e\u0434\u043e\u043b\u0438\u0447. \u0412\u043e\u0437\u043c\u043e\u0436\u043d\u043e, \u0432\u0430\u0448 \u0437\u0443\u0431 \u043d\u0435 \u0442\u0430\u043a \u0431\u0435\u0437\u043d\u0430\u0434\u0435\u0436\u0435\u043d, \u0438 \u043f\u0440\u043e\u0444\u0435\u0441\u0441\u0438\u043e\u043d\u0430\u043b\u044c\u043d\u044b\u0439 \u043f\u043e\u0434\u0445\u043e\u0434 \u0434\u043e\u043a\u0442\u043e\u0440\u0430 \u043f\u043e\u0437\u0432\u043e\u043b\u0438\u0442 \u0441\u043e\u0445\u0440\u0430\u043d\u0438\u0442\u044c \u0432\u0430\u0448\u0443 \u0443\u043b\u044b\u0431\u043a\u0443.<\/span><br><\/p>\n<p>\u0412\u0440\u0430\u0447 \u0421\u0435\u0440\u0433\u0435\u0439 \u041f\u043e\u0434\u043e\u043b\u0438\u0447 - \u0432\u0430\u0448 \u043d\u0430\u0434\u0435\u0436\u043d\u044b\u0439 \u043f\u0430\u0440\u0442\u043d\u0435\u0440 \u0432 \u0437\u0430\u0431\u043e\u0442\u0435 \u043e \u0437\u0434\u043e\u0440\u043e\u0432\u044c\u0435 \u0437\u0443\u0431\u043e\u0432 \u0438 \u0443\u0432\u0435\u0440\u0435\u043d\u043d\u043e\u0441\u0442\u044c \u0432 \u0432\u0430\u0448\u0435\u0439 \u0443\u043b\u044b\u0431\u043a\u0435.&nbsp;<\/p>\n<p>\u0421\u0432\u044f\u0436\u0438\u0442\u0435\u0441\u044c \u0441 \u043d\u0430\u043c\u0438!<\/p>\t\t\t\t\t\t\t\t<\/div>\n\t\t\t\t<\/div>\n\t\t\t\t<\/div>\n\t\t\t\t\t<\/div>\n\t\t\t\t<\/div>\n\t\t<div class=\"elementor-element elementor-element-77ef6fb e-flex e-con-boxed e-con e-parent\" data-id=\"77ef6fb\" data-element_type=\"container\" data-e-type=\"container\" data-settings=\"{&quot;jet_parallax_layout_list&quot;:[]}\">\n\t\t\t\t\t<div class=\"e-con-inner\">\n\t\t\t\t<div class=\"elementor-element elementor-element-8d53732 elementor-pagination-position-inside elementor-arrows-position-inside elementor-widget elementor-widget-image-carousel\" data-id=\"8d53732\" data-element_type=\"widget\" data-e-type=\"widget\" data-settings=\"{&quot;pause_on_hover&quot;:&quot;no&quot;,&quot;image_spacing_custom&quot;:{&quot;unit&quot;:&quot;px&quot;,&quot;size&quot;:8,&quot;sizes&quot;:[]},&quot;navigation&quot;:&quot;both&quot;,&quot;autoplay&quot;:&quot;yes&quot;,&quot;pause_on_interaction&quot;:&quot;yes&quot;,&quot;autoplay_speed&quot;:5000,&quot;infinite&quot;:&quot;yes&quot;,&quot;speed&quot;:500,&quot;image_spacing_custom_tablet&quot;:{&quot;unit&quot;:&quot;px&quot;,&quot;size&quot;:&quot;&quot;,&quot;sizes&quot;:[]},&quot;image_spacing_custom_mobile&quot;:{&quot;unit&quot;:&quot;px&quot;,&quot;size&quot;:&quot;&quot;,&quot;sizes&quot;:[]}}\" data-widget_type=\"image-carousel.default\">\n\t\t\t\t<div class=\"elementor-widget-container\">\n\t\t\t\t\t\t\t<div class=\"elementor-image-carousel-wrapper swiper\" role=\"region\" aria-roledescription=\"carousel\" aria-label=\"Image Carousel\" dir=\"ltr\">\n\t\t\t<div class=\"elementor-image-carousel swiper-wrapper\" aria-live=\"off\">\n\t\t\t\t\t\t\t\t<div class=\"swiper-slide\" role=\"group\" aria-roledescription=\"slide\" aria-label=\"1 of 4\"><figure class=\"swiper-slide-inner\"><img decoding=\"async\" class=\"swiper-slide-image\" src=\"https:\/\/sp-dent.ee\/wp-content\/uploads\/2023\/11\/3a03e704-d0dd-4c01-9f18-e4eef3139e36-640x640.jpg\" alt=\"3a03e704-d0dd-4c01-9f18-e4eef3139e36\" \/><\/figure><\/div><div class=\"swiper-slide\" role=\"group\" aria-roledescription=\"slide\" aria-label=\"2 of 4\"><figure class=\"swiper-slide-inner\"><img decoding=\"async\" class=\"swiper-slide-image\" src=\"https:\/\/sp-dent.ee\/wp-content\/uploads\/2023\/11\/90eabec1-ede8-4574-b69c-165543ddf21f-640x640.jpg\" alt=\"90eabec1-ede8-4574-b69c-165543ddf21f\" \/><\/figure><\/div><div class=\"swiper-slide\" role=\"group\" aria-roledescription=\"slide\" aria-label=\"3 of 4\"><figure class=\"swiper-slide-inner\"><img decoding=\"async\" class=\"swiper-slide-image\" src=\"https:\/\/sp-dent.ee\/wp-content\/uploads\/2023\/11\/Depositphotos_4018232_original-1-640x640.jpg\" alt=\"Depositphotos_4018232_original\" \/><\/figure><\/div><div class=\"swiper-slide\" role=\"group\" aria-roledescription=\"slide\" aria-label=\"4 of 4\"><figure class=\"swiper-slide-inner\"><img decoding=\"async\" class=\"swiper-slide-image\" src=\"https:\/\/sp-dent.ee\/wp-content\/uploads\/2023\/11\/3fc9c100-0e8d-46bf-9c20-cfd34c07e5a1-640x640.jpg\" alt=\"3fc9c100-0e8d-46bf-9c20-cfd34c07e5a1\" \/><\/figure><\/div>\t\t\t<\/div>\n\t\t\t\t\t\t\t\t\t\t\t\t<div class=\"elementor-swiper-button elementor-swiper-button-prev\" role=\"button\" tabindex=\"0\">\n\t\t\t\t\t\t<svg aria-hidden=\"true\" class=\"e-font-icon-svg e-eicon-chevron-left\" viewbox=\"0 0 1000 1000\" xmlns=\"http:\/\/www.w3.org\/2000\/svg\"><path d=\"M646 125C629 125 613 133 604 142L308 442C296 454 292 471 292 487 292 504 296 521 308 533L604 854C617 867 629 875 646 875 663 875 679 871 692 858 704 846 713 829 713 812 713 796 708 779 692 767L438 487 692 225C700 217 708 204 708 187 708 171 704 154 692 142 675 129 663 125 646 125Z\"><\/path><\/svg>\t\t\t\t\t<\/div>\n\t\t\t\t\t<div class=\"elementor-swiper-button elementor-swiper-button-next\" role=\"button\" tabindex=\"0\">\n\t\t\t\t\t\t<svg aria-hidden=\"true\" class=\"e-font-icon-svg e-eicon-chevron-right\" viewbox=\"0 0 1000 1000\" xmlns=\"http:\/\/www.w3.org\/2000\/svg\"><path d=\"M696 533C708 521 713 504 713 487 713 471 708 454 696 446L400 146C388 133 375 125 354 125 338 125 325 129 313 142 300 154 292 171 292 187 292 204 296 221 308 233L563 492 304 771C292 783 288 800 288 817 288 833 296 850 308 863 321 871 338 875 354 875 371 875 388 867 400 854L696 533Z\"><\/path><\/svg>\t\t\t\t\t<\/div>\n\t\t\t\t\n\t\t\t\t\t\t\t\t\t<div class=\"swiper-pagination\"><\/div>\n\t\t\t\t\t\t\t\t\t<\/div>\n\t\t\t\t\t\t<\/div>\n\t\t\t\t<\/div>\n\t\t\t\t\t<\/div>\n\t\t\t\t<\/div>\n\t\t<div class=\"elementor-element elementor-element-645a788 e-flex e-con-boxed e-con e-parent\" data-id=\"645a788\" data-element_type=\"container\" data-e-type=\"container\" data-settings=\"{&quot;jet_parallax_layout_list&quot;:[]}\">\n\t\t\t\t\t<div class=\"e-con-inner\">\n\t\t<div class=\"elementor-element elementor-element-bd07b9d e-con-full e-flex e-con e-child\" data-id=\"bd07b9d\" data-element_type=\"container\" data-e-type=\"container\" data-settings=\"{&quot;jet_parallax_layout_list&quot;:[]}\">\n\t\t\t\t<div class=\"elementor-element elementor-element-f38b155 elementor-widget__width-initial elementor-widget elementor-widget-text-editor\" data-id=\"f38b155\" data-element_type=\"widget\" data-e-type=\"widget\" data-widget_type=\"text-editor.default\">\n\t\t\t\t<div class=\"elementor-widget-container\">\n\t\t\t\t\t\t\t\t\t<p>\u0421\u043e\u0442\u0440\u0443\u0434\u043d\u0438\u0447\u0430\u0435\u043c \u0441 \u041a\u0430\u0441\u0441\u043e\u0439 \u0417\u0434\u043e\u0440\u043e\u0432\u044c\u044f. \u041f\u0435\u043d\u0441\u0438\u043e\u043d\u0435\u0440\u0430\u043c \u043a\u043e\u043c\u043f\u0435\u043d\u0441\u0438\u0440\u0443\u0435\u0442\u0441\u044f \u043d\u0430 \u043b\u0435\u0447\u0435\u043d\u0438\u0435 85\u20ac, \u043f\u0440\u043e\u0442\u0435\u0437\u0438\u0440\u043e\u0432\u0430\u043d\u0438\u0435 260\u20ac. \u0414\u0435\u0442\u044f\u043c \u043b\u0435\u0447\u0435\u043d\u0438\u0435 \u0434\u043e 19 \u043b\u0435\u0442 \u0431\u0435\u0441\u043f\u043b\u0430\u0442\u043d\u043e. \u0412\u0441\u0435\u043c \u043e\u0441\u0442\u0430\u043b\u044c\u043d\u044b\u043c \u0447\u043b\u0435\u043d\u0430\u043c \u041a\u0430\u0441\u0441\u044b \u0417\u0434\u043e\u0440\u043e\u0432\u044c\u044f \u0435\u0436\u0435\u0433\u043e\u0434\u043d\u043e \u043a\u043e\u043c\u043f\u0435\u043d\u0441\u0438\u0440\u0443\u0435\u0442\u0441\u044f \u043b\u0435\u0447\u0435\u043d\u0438\u0435 40\u20ac.<\/p>\n<p>www.tervisekassa.ee<\/p>\t\t\t\t\t\t\t\t<\/div>\n\t\t\t\t<\/div>\n\t\t\t\t<\/div>\n\t\t<div class=\"elementor-element elementor-element-de6c5a0 e-con-full e-flex e-con e-child\" data-id=\"de6c5a0\" data-element_type=\"container\" data-e-type=\"container\" data-settings=\"{&quot;jet_parallax_layout_list&quot;:[]}\">\n\t\t\t\t<div class=\"elementor-element elementor-element-bb78553 elementor-widget elementor-widget-image\" data-id=\"bb78553\" data-element_type=\"widget\" data-e-type=\"widget\" data-widget_type=\"image.default\">\n\t\t\t\t<div class=\"elementor-widget-container\">\n\t\t\t\t\t\t\t\t\t\t\t\t\t\t\t<img decoding=\"async\" width=\"1024\" height=\"177\" src=\"https:\/\/sp-dent.ee\/wp-content\/uploads\/2023\/11\/Tervisekassa-Logo-Black-1024x177-1.png\" class=\"attachment-large size-large wp-image-1076\" alt=\"\" srcset=\"https:\/\/sp-dent.ee\/wp-content\/uploads\/2023\/11\/Tervisekassa-Logo-Black-1024x177-1.png 1024w, https:\/\/sp-dent.ee\/wp-content\/uploads\/2023\/11\/Tervisekassa-Logo-Black-1024x177-1-300x52.png 300w, https:\/\/sp-dent.ee\/wp-content\/uploads\/2023\/11\/Tervisekassa-Logo-Black-1024x177-1-768x133.png 768w, https:\/\/sp-dent.ee\/wp-content\/uploads\/2023\/11\/Tervisekassa-Logo-Black-1024x177-1-18x3.png 18w, https:\/\/sp-dent.ee\/wp-content\/uploads\/2023\/11\/Tervisekassa-Logo-Black-1024x177-1-600x104.png 600w\" sizes=\"(max-width: 1024px) 100vw, 1024px\" \/>\t\t\t\t\t\t\t\t\t\t\t\t\t\t\t<\/div>\n\t\t\t\t<\/div>\n\t\t\t\t<\/div>\n\t\t\t\t\t<\/div>\n\t\t\t\t<\/div>\n\t\t<div class=\"elementor-element elementor-element-60abc5e e-con-full e-flex e-con e-parent\" data-id=\"60abc5e\" data-element_type=\"container\" data-e-type=\"container\" data-settings=\"{&quot;background_background&quot;:&quot;classic&quot;,&quot;jet_parallax_layout_list&quot;:[]}\">\n\t\t\t\t<div class=\"elementor-element elementor-element-7c44c7e elementor-widget__width-initial elementor-widget-mobile__width-initial elementor-widget elementor-widget-contact-form-7\" data-id=\"7c44c7e\" data-element_type=\"widget\" data-e-type=\"widget\" data-widget_type=\"contact-form-7.default\">\n\t\t\t\t<div class=\"elementor-widget-container\">\n\t\t\t\t\t<div class=\"elementor-contact-form-7 jet-elements\">\n<div class=\"wpcf7 no-js\" id=\"wpcf7-f321-o1\" lang=\"en-US\" dir=\"ltr\" data-wpcf7-id=\"321\">\n<div class=\"screen-reader-response\"><p role=\"status\" aria-live=\"polite\" aria-atomic=\"true\"><\/p> <ul><\/ul><\/div>\n<form action=\"\/ru\/wp-json\/wp\/v2\/pages\/8#wpcf7-f321-o1\" method=\"post\" class=\"wpcf7-form init\" aria-label=\"Contact form\" novalidate=\"novalidate\" data-status=\"init\" data-trp-original-action=\"\/ru\/wp-json\/wp\/v2\/pages\/8#wpcf7-f321-o1\">\n<fieldset class=\"hidden-fields-container\"><input type=\"hidden\" name=\"_wpcf7\" value=\"321\" \/><input type=\"hidden\" name=\"_wpcf7_version\" value=\"6.1.5\" \/><input type=\"hidden\" name=\"_wpcf7_locale\" value=\"en_US\" \/><input type=\"hidden\" name=\"_wpcf7_unit_tag\" value=\"wpcf7-f321-o1\" \/><input type=\"hidden\" name=\"_wpcf7_container_post\" value=\"0\" \/><input type=\"hidden\" name=\"_wpcf7_posted_data_hash\" value=\"\" \/>\n<\/fieldset>\n<div class = \"row\">\n\t<div class = \"col-md-4 col-sm-12 col-xs-12\">\n\t\t<p><label><span class=\"wpcf7-form-control-wrap\" data-name=\"your-name\"><input size=\"40\" maxlength=\"400\" class=\"wpcf7-form-control wpcf7-text wpcf7-validates-as-required\" aria-required=\"true\" aria-invalid=\"false\" placeholder=\"\u0418\u043c\u044f:\" value=\"\" type=\"text\" name=\"your-name\" \/><\/span> <\/label>\n\t\t<\/p>\n\t<\/div>\n\t<div class = \"col-md-4 col-sm-12 col-xs-12\">\n\t\t<p><label><span class=\"wpcf7-form-control-wrap\" data-name=\"your-phone\"><input size=\"40\" maxlength=\"400\" class=\"wpcf7-form-control wpcf7-tel wpcf7-validates-as-required wpcf7-text wpcf7-validates-as-tel\" aria-required=\"true\" aria-invalid=\"false\" placeholder=\"\u0422\u0435\u043b\u0435\u0444\u043e\u043d:\" value=\"\" type=\"tel\" name=\"your-phone\" \/><\/span> <\/label>\n\t\t<\/p>\n\t<\/div>\n<\/div>\n<p><label><span class=\"wpcf7-form-control-wrap\" data-name=\"your-subject\"><textarea cols=\"40\" rows=\"10\" maxlength=\"2000\" class=\"wpcf7-form-control wpcf7-textarea\" aria-invalid=\"false\" placeholder=\"\u0421\u043e\u043e\u0431\u0449\u0435\u043d\u0438\u0435:\" name=\"your-subject\"><\/textarea><\/span> <\/label>\n<\/p>\n<p><input class=\"wpcf7-form-control wpcf7-submit has-spinner\" type=\"submit\" value=\"\u041e\u0422\u041f\u0420\u0410\u0412\u0418\u0422\u042c:\" \/>\n<\/p><div class=\"wpcf7-response-output\" aria-hidden=\"true\"><\/div>\n<input type=\"hidden\" name=\"trp-form-language\" value=\"ru\"\/><\/form>\n<\/div>\n<\/div>\t\t\t\t<\/div>\n\t\t\t\t<\/div>\n\t\t\t\t<\/div>\n\t\t\t\t<\/div>","protected":false},"excerpt":{"rendered":"<p>Broneeri aeg konsultatsioonile Me usume, et teie hammas\u00a0on p\u00e4\u00e4stamist v\u00e4\u00e4rt! \u00c4rge kiirustage hamba eemaldamist! Kui teile \u00f6eldi, et teie hammas ei ole p\u00e4\u00e4stmiseks, hoiduge kiirustamast otsuste langetamisest. Otsige n\u00f5u Dr. Podolichilt. V\u00f5imalik, et teie hammas ei ole nii lootusetu, kui tundub, ja professionaalne l\u00e4henemine v\u00f5ib aidata teie naeratust s\u00e4ilitada. Dr. Sergei Podolich &#8211; teie usaldusv\u00e4\u00e4rne [&hellip;]<\/p>\n","protected":false},"author":1,"featured_media":0,"parent":0,"menu_order":0,"comment_status":"closed","ping_status":"closed","template":"elementor_header_footer","meta":{"footnotes":""},"class_list":["post-8","page","type-page","status-publish","hentry"],"_links":{"self":[{"href":"https:\/\/sp-dent.ee\/ru\/wp-json\/wp\/v2\/pages\/8","targetHints":{"allow":["GET"]}}],"collection":[{"href":"https:\/\/sp-dent.ee\/ru\/wp-json\/wp\/v2\/pages"}],"about":[{"href":"https:\/\/sp-dent.ee\/ru\/wp-json\/wp\/v2\/types\/page"}],"author":[{"embeddable":true,"href":"https:\/\/sp-dent.ee\/ru\/wp-json\/wp\/v2\/users\/1"}],"replies":[{"embeddable":true,"href":"https:\/\/sp-dent.ee\/ru\/wp-json\/wp\/v2\/comments?post=8"}],"version-history":[{"count":309,"href":"https:\/\/sp-dent.ee\/ru\/wp-json\/wp\/v2\/pages\/8\/revisions"}],"predecessor-version":[{"id":1209,"href":"https:\/\/sp-dent.ee\/ru\/wp-json\/wp\/v2\/pages\/8\/revisions\/1209"}],"wp:attachment":[{"href":"https:\/\/sp-dent.ee\/ru\/wp-json\/wp\/v2\/media?parent=8"}],"curies":[{"name":"wp","href":"https:\/\/api.w.org\/{rel}","templated":true}]}}