{"id":863,"date":"2023-11-03T10:27:20","date_gmt":"2023-11-03T10:27:20","guid":{"rendered":"https:\/\/sp-dent.ee\/?page_id=863"},"modified":"2023-11-05T17:10:31","modified_gmt":"2023-11-05T17:10:31","slug":"personnel","status":"publish","type":"page","link":"https:\/\/sp-dent.ee\/ru\/personnel\/","title":{"rendered":""},"content":{"rendered":"<div data-elementor-type=\"wp-page\" data-elementor-id=\"863\" class=\"elementor elementor-863\">\n\t\t\t\t<div class=\"elementor-element elementor-element-6937d7c e-flex e-con-boxed e-con e-parent\" data-id=\"6937d7c\" data-element_type=\"container\" data-e-type=\"container\" data-settings=\"{&quot;jet_parallax_layout_list&quot;:[]}\">\n\t\t\t\t\t<div class=\"e-con-inner\">\n\t\t<div class=\"elementor-element elementor-element-bd580b4 e-con-full e-flex e-con e-child\" data-id=\"bd580b4\" data-element_type=\"container\" data-e-type=\"container\" data-settings=\"{&quot;jet_parallax_layout_list&quot;:[]}\">\n\t\t\t\t<div class=\"elementor-element elementor-element-b5b4d0c elementor-widget elementor-widget-image\" data-id=\"b5b4d0c\" data-element_type=\"widget\" data-e-type=\"widget\" data-widget_type=\"image.default\">\n\t\t\t\t<div class=\"elementor-widget-container\">\n\t\t\t\t\t\t\t\t\t\t\t\t\t\t\t<img fetchpriority=\"high\" decoding=\"async\" width=\"426\" height=\"640\" src=\"https:\/\/sp-dent.ee\/wp-content\/uploads\/2023\/11\/thumbnail_doctor-shoot-101.jpg\" class=\"attachment-kava-thumb-xl size-kava-thumb-xl wp-image-1130\" alt=\"\" srcset=\"https:\/\/sp-dent.ee\/wp-content\/uploads\/2023\/11\/thumbnail_doctor-shoot-101.jpg 426w, https:\/\/sp-dent.ee\/wp-content\/uploads\/2023\/11\/thumbnail_doctor-shoot-101-200x300.jpg 200w, https:\/\/sp-dent.ee\/wp-content\/uploads\/2023\/11\/thumbnail_doctor-shoot-101-8x12.jpg 8w\" sizes=\"(max-width: 426px) 100vw, 426px\" \/>\t\t\t\t\t\t\t\t\t\t\t\t\t\t\t<\/div>\n\t\t\t\t<\/div>\n\t\t\t\t<\/div>\n\t\t<div class=\"elementor-element elementor-element-fd42c05 e-con-full e-flex e-con e-child\" data-id=\"fd42c05\" data-element_type=\"container\" data-e-type=\"container\" data-settings=\"{&quot;jet_parallax_layout_list&quot;:[]}\">\n\t\t\t\t<div class=\"elementor-element elementor-element-08e7418 elementor-widget elementor-widget-text-editor\" data-id=\"08e7418\" data-element_type=\"widget\" data-e-type=\"widget\" data-widget_type=\"text-editor.default\">\n\t\t\t\t<div class=\"elementor-widget-container\">\n\t\t\t\t\t\t\t\t\t<p>\u0414\u043e\u043a\u0442\u043e\u0440 \u0421\u0435\u0440\u0433\u0435\u0439 \u041f\u043e\u0434\u043e\u043b\u0438\u0447 \u2014 \u043f\u0440\u043e\u0444\u0435\u0441\u0441\u0438\u043e\u043d\u0430\u043b\u044c\u043d\u044b\u0439 \u044d\u043d\u0434\u043e\u0434\u043e\u043d\u0442\u043e\u043b\u043e\u0433 \u0441 \u043e\u0431\u0448\u0438\u0440\u043d\u044b\u043c \u043e\u0431\u0440\u0430\u0437\u043e\u0432\u0430\u043d\u0438\u0435\u043c \u0438 \u043c\u043d\u043e\u0433\u043e\u043b\u0435\u0442\u043d\u0438\u043c \u043e\u043f\u044b\u0442\u043e\u043c. \u041e\u043d \u043f\u043e\u043b\u0443\u0447\u0438\u043b \u0432\u044b\u0441\u0448\u0435\u0435 \u043c\u0435\u0434\u0438\u0446\u0438\u043d\u0441\u043a\u043e\u0435 \u043e\u0431\u0440\u0430\u0437\u043e\u0432\u0430\u043d\u0438\u0435, \u0430 \u0442\u0430\u043a\u0436\u0435 \u043f\u0440\u043e\u0448\u0435\u043b \u0434\u043e\u043f\u043e\u043b\u043d\u0438\u0442\u0435\u043b\u044c\u043d\u043e\u0435 \u043e\u0431\u0443\u0447\u0435\u043d\u0438\u0435 \u0432 \u043e\u0431\u043b\u0430\u0441\u0442\u0438 \u044d\u043d\u0434\u043e\u0434\u043e\u043d\u0442\u0438\u0438, \u0447\u0442\u043e \u0434\u0435\u043b\u0430\u0435\u0442 \u0435\u0433\u043e \u044d\u043a\u0441\u043f\u0435\u0440\u0442\u043e\u043c \u0432 \u0441\u0432\u043e\u0435\u0439 \u043e\u0431\u043b\u0430\u0441\u0442\u0438. \u041e\u043d \u0440\u0430\u0431\u043e\u0442\u0430\u0435\u0442 \u0441 \u0441\u043e\u0432\u0440\u0435\u043c\u0435\u043d\u043d\u044b\u043c \u0441\u0442\u043e\u043c\u0430\u0442\u043e\u043b\u043e\u0433\u0438\u0447\u0435\u0441\u043a\u0438\u043c \u043e\u0431\u043e\u0440\u0443\u0434\u043e\u0432\u0430\u043d\u0438\u0435\u043c \u0438 \u0441\u043f\u0435\u0446\u0438\u0430\u043b\u0438\u0437\u0438\u0440\u0443\u0435\u0442\u0441\u044f \u043d\u0430 \u043b\u0435\u0447\u0435\u043d\u0438\u0438 \u043a\u043e\u0440\u043d\u0435\u0432\u044b\u0445 \u043a\u0430\u043d\u0430\u043b\u043e\u0432, \u0438 \u0432\u0441\u0435\u0433\u0434\u0430 \u0441\u0442\u0440\u0435\u043c\u0438\u0442\u0441\u044f \u0441\u043e\u0445\u0440\u0430\u043d\u0438\u0442\u044c \u043a\u0430\u0436\u0434\u044b\u0439 \u0437\u0443\u0431, \u0435\u0441\u043b\u0438 \u044d\u0442\u043e \u0445\u043e\u0442\u044c \u043a\u0430\u043a-\u0442\u043e \u0432\u043e\u0437\u043c\u043e\u0436\u043d\u043e. \u0421\u0435\u0440\u0433\u0435\u0439 \u041f\u043e\u0434\u043e\u043b\u0438\u0447 \u0440\u0430\u0431\u043e\u0442\u0430\u0435\u0442 \u0441 \u043f\u0430\u0446\u0438\u0435\u043d\u0442\u0430\u043c\u0438, \u0441\u0442\u0430\u043b\u043a\u0438\u0432\u0430\u044e\u0449\u0438\u043c\u0438\u0441\u044f \u0441 \u0440\u0430\u0437\u043d\u043e\u043e\u0431\u0440\u0430\u0437\u043d\u044b\u043c\u0438 \u043f\u0440\u043e\u0431\u043b\u0435\u043c\u0430\u043c\u0438, \u0432\u043a\u043b\u044e\u0447\u0430\u044f \u043f\u0443\u043b\u044c\u043f\u0438\u0442, \u0433\u043b\u0443\u0431\u043e\u043a\u0438\u0439 \u043a\u0430\u0440\u0438\u0435\u0441, \u043f\u0435\u0440\u0438\u043e\u0441\u0442\u0438\u0442, \u043f\u0435\u0440\u0438\u043e\u0434\u043e\u043d\u0442\u0438\u0442, \u043a\u0438\u0441\u0442\u0443 \u0437\u0443\u0431\u0430, \u0442\u0440\u0430\u0432\u043c\u044b, \u043f\u0435\u0440\u0435\u043b\u0435\u0447\u0438\u0432\u0430\u043d\u0438\u0435 \u043a\u0430\u043d\u0430\u043b\u043e\u0432, \u0438\u0437\u044a\u044f\u0442\u0438\u0435 \u0438\u043d\u0441\u0442\u0440\u0443\u043c\u0435\u043d\u0442\u043e\u0432 \u0438\u0437 \u043a\u0430\u043d\u0430\u043b\u0430, \u0437\u0430\u043c\u0435\u043d\u0443 \u0441\u0442\u0430\u0440\u044b\u0445 \u043f\u043b\u043e\u043c\u0431 \u0438 \u043f\u043e\u0434\u0433\u043e\u0442\u043e\u0432\u043a\u0443 \u043a \u043f\u0440\u043e\u0442\u0435\u0437\u0438\u0440\u043e\u0432\u0430\u043d\u0438\u044e.<\/p>\t\t\t\t\t\t\t\t<\/div>\n\t\t\t\t<\/div>\n\t\t\t\t<\/div>\n\t\t\t\t\t<\/div>\n\t\t\t\t<\/div>\n\t\t\t\t<\/div>","protected":false},"excerpt":{"rendered":"<p>Dr. Sergei Podolich on kogenenud endodontist, kellel on ulatuslik haridus ja aastatepikkune kogemus. Ta on omandanud k\u00f5rghariduse meditsiinis ja l\u00e4binud t\u00e4iendava koolituse endodontoloogia valdkonnas, muutes ta oma ala eksperdiks. Ta t\u00f6\u00f6tab kaasaegse hambaravi varustusega ja on spetsialiseerunud juurtekanali ravi, p\u00fc\u00fcdes alati s\u00e4ilitada iga hamba, kui see on \u00fcldse v\u00f5imalik. Dr. Podolich t\u00f6\u00f6tab patsientidega, kes seisavad [&hellip;]<\/p>\n","protected":false},"author":1,"featured_media":0,"parent":0,"menu_order":0,"comment_status":"closed","ping_status":"closed","template":"","meta":{"footnotes":""},"class_list":["post-863","page","type-page","status-publish","hentry"],"_links":{"self":[{"href":"https:\/\/sp-dent.ee\/ru\/wp-json\/wp\/v2\/pages\/863","targetHints":{"allow":["GET"]}}],"collection":[{"href":"https:\/\/sp-dent.ee\/ru\/wp-json\/wp\/v2\/pages"}],"about":[{"href":"https:\/\/sp-dent.ee\/ru\/wp-json\/wp\/v2\/types\/page"}],"author":[{"embeddable":true,"href":"https:\/\/sp-dent.ee\/ru\/wp-json\/wp\/v2\/users\/1"}],"replies":[{"embeddable":true,"href":"https:\/\/sp-dent.ee\/ru\/wp-json\/wp\/v2\/comments?post=863"}],"version-history":[{"count":26,"href":"https:\/\/sp-dent.ee\/ru\/wp-json\/wp\/v2\/pages\/863\/revisions"}],"predecessor-version":[{"id":1176,"href":"https:\/\/sp-dent.ee\/ru\/wp-json\/wp\/v2\/pages\/863\/revisions\/1176"}],"wp:attachment":[{"href":"https:\/\/sp-dent.ee\/ru\/wp-json\/wp\/v2\/media?parent=863"}],"curies":[{"name":"wp","href":"https:\/\/api.w.org\/{rel}","templated":true}]}}